{"id":9,"date":"2015-12-17T08:22:16","date_gmt":"2015-12-17T08:22:16","guid":{"rendered":"http:\/\/567270b330b0b.demo.wpbeaverbuilder.com\/?page_id=2"},"modified":"2021-03-12T11:09:59","modified_gmt":"2021-03-12T10:09:59","slug":"sluzby","status":"publish","type":"page","link":"https:\/\/strenuus.cz\/?page_id=9","title":{"rendered":"Slu\u017eby"},"content":{"rendered":"<h1>\n\t\tSlu\u017eby a dovednosti<br \/>\n\t<\/h1>\n<h3>\n\t\tNa\u0161e zku\u0161enosti<br \/>\n\t<\/h3>\n<ul>\n<li>V\u00edce ne\u017e 15 let ve v\u00fdvoji software pro v\u00fdrobn\u00ed procesy<\/li>\n<li>R\u016fznorod\u00e9 dovednosti<\/li>\n<li>Pr\u00e1ce na projektech v\u00a0r\u016fzn\u00fdch \u010d\u00e1stech sv\u011bta<\/li>\n<\/ul>\n<h3>\n\t\tHlavn\u00ed segmenty<br \/>\n\t<\/h3>\n<ul>\n<li>Automobilov\u00fd pr\u016fmysl<\/li>\n<li>Energetika<\/li>\n<li>Zpracov\u00e1n\u00ed kov\u016f<\/li>\n<li>Farmaceutick\u00fd pr\u016fmysl<\/li>\n<\/ul>\n<h3>\n\t\tNa\u0161e slu\u017eby<br \/>\n\t<\/h3>\n<ul>\n<li>N\u00e1vrh komunika\u010dn\u00edch s\u00edt\u00ed<\/li>\n<li>Sb\u011br dat a tvorba aplikaci pro obsluhu komunika\u010dn\u00edch rozhran\u00ed<\/li>\n<li>Syst\u00e9my pro sledov\u00e1n\u00ed kvality v\u00fdrobn\u00edch proces\u016f<\/li>\n<li>Syst\u00e9my pro sledov\u00e1n\u00ed v\u00fdroby<\/li>\n<li>Tvorba zak\u00e1zkov\u00e9ho software<\/li>\n<\/ul>\n","protected":false},"excerpt":{"rendered":"<p>Slu\u017eby a dovednosti Na\u0161e zku\u0161enosti V\u00edce ne\u017e 15 let ve v\u00fdvoji software pro v\u00fdrobn\u00ed procesy R\u016fznorod\u00e9 dovednosti Pr\u00e1ce na projektech v\u00a0r\u016fzn\u00fdch \u010d\u00e1stech sv\u011bta Hlavn\u00ed segmenty Automobilov\u00fd pr\u016fmysl Energetika Zpracov\u00e1n\u00ed kov\u016f Farmaceutick\u00fd pr\u016fmysl Na\u0161e slu\u017eby N\u00e1vrh komunika\u010dn\u00edch s\u00edt\u00ed Sb\u011br dat a tvorba aplikaci pro obsluhu komunika\u010dn\u00edch rozhran\u00ed Syst\u00e9my pro sledov\u00e1n\u00ed kvality v\u00fdrobn\u00edch proces\u016f Syst\u00e9my pro sledov\u00e1n\u00ed&hellip;<\/p>\n","protected":false},"author":1,"featured_media":0,"parent":0,"menu_order":0,"comment_status":"closed","ping_status":"closed","template":"","meta":{"footnotes":""},"class_list":["post-9","page","type-page","status-publish","hentry"],"_links":{"self":[{"href":"https:\/\/strenuus.cz\/index.php?rest_route=\/wp\/v2\/pages\/9","targetHints":{"allow":["GET"]}}],"collection":[{"href":"https:\/\/strenuus.cz\/index.php?rest_route=\/wp\/v2\/pages"}],"about":[{"href":"https:\/\/strenuus.cz\/index.php?rest_route=\/wp\/v2\/types\/page"}],"author":[{"embeddable":true,"href":"https:\/\/strenuus.cz\/index.php?rest_route=\/wp\/v2\/users\/1"}],"replies":[{"embeddable":true,"href":"https:\/\/strenuus.cz\/index.php?rest_route=%2Fwp%2Fv2%2Fcomments&post=9"}],"version-history":[{"count":4,"href":"https:\/\/strenuus.cz\/index.php?rest_route=\/wp\/v2\/pages\/9\/revisions"}],"predecessor-version":[{"id":442,"href":"https:\/\/strenuus.cz\/index.php?rest_route=\/wp\/v2\/pages\/9\/revisions\/442"}],"wp:attachment":[{"href":"https:\/\/strenuus.cz\/index.php?rest_route=%2Fwp%2Fv2%2Fmedia&parent=9"}],"curies":[{"name":"wp","href":"https:\/\/api.w.org\/{rel}","templated":true}]}}