{"id":6,"date":"2015-12-17T08:26:53","date_gmt":"2015-12-17T07:26:53","guid":{"rendered":"http:\/\/567270b330b0b.demo.wpbeaverbuilder.com\/?page_id=6"},"modified":"2021-03-12T14:05:41","modified_gmt":"2021-03-12T13:05:41","slug":"produkty-2","status":"publish","type":"page","link":"https:\/\/strenuus.cz\/?page_id=6","title":{"rendered":"Produkty"},"content":{"rendered":"<h1>\n\t\tProdukty<br \/>\n\t<\/h1>\n<p>\t\t\t\t<a href=\"http:\/\/strenuus.cz\/?page_id=46\" target=\"_self\" itemprop=\"url\" rel=\"noopener\"><br \/>\n\t\t\t\t<img decoding=\"async\" src=\"http:\/\/strenuus.cz\/wp-content\/uploads\/2015\/12\/peg-150x150.png\" alt=\"peg\" itemprop=\"image\"  \/><br \/>\n\t\t\t\t<\/a><\/p>\n<h6><a href=\"http:\/\/strenuus.cz\/?page_id=46\" target=\"_self\" rel=\"noopener\">Production Efficiency Guard<\/a><\/h6>\n<p>\t\t\tSledov\u00e1n\u00ed efektivity v\u00fdroby<br \/>\n\t<a href=\"http:\/\/strenuus.cz\/?page_id=46\" target=\"_self\" role=\"button\" rel=\"noopener\"><br \/>\n\t\t\t\t\t\tV\u00cdCE INFORMAC\u00cd<br \/>\n\t\t\t\t\t<\/a><br \/>\n\t\t\t\t<a href=\"http:\/\/strenuus.cz\/?page_id=54\" target=\"_self\" itemprop=\"url\" rel=\"noopener\"><br \/>\n\t\t\t\t<img decoding=\"async\" src=\"http:\/\/strenuus.cz\/wp-content\/uploads\/2021\/03\/pdg-150x150.png\" alt=\"pdg\" itemprop=\"image\"  \/><br \/>\n\t\t\t\t<\/a><\/p>\n<h6><a href=\"http:\/\/strenuus.cz\/?page_id=54\" target=\"_self\" rel=\"noopener\">Process Data Guard<\/a><\/h6>\n<p style=\"text-align: center;\">Sledov\u00e1n\u00ed kvality v\u00fdrobn\u00edch proces\u016f<\/p>\n<p>\t<a href=\"http:\/\/strenuus.cz\/?page_id=54\" target=\"_self\" role=\"button\" rel=\"noopener\"><br \/>\n\t\t\t\t\t\tV\u00cdCE INFORMAC\u00cd<br \/>\n\t\t\t\t\t<\/a><br \/>\n\t\t\t\t<a href=\"http:\/\/strenuus.cz\/?page_id=464\" target=\"_self\" itemprop=\"url\" rel=\"noopener\"><br \/>\n\t\t\t\t<img decoding=\"async\" src=\"http:\/\/strenuus.cz\/wp-content\/uploads\/2021\/03\/eg-150x150.png\" alt=\"eg\" itemprop=\"image\"  \/><br \/>\n\t\t\t\t<\/a><\/p>\n<h6><a href=\"http:\/\/strenuus.cz\/?page_id=464\" target=\"_self\" rel=\"noopener\">Energy Guard<\/a><\/h6>\n<p style=\"text-align: center;\">Monitoring a vyhodnocov\u00e1n\u00ed odb\u011br\u016f m\u00e9di\u00ed<\/p>\n<p>\t<a href=\"http:\/\/strenuus.cz\/?page_id=464\" target=\"_self\" role=\"button\" rel=\"noopener\"><br \/>\n\t\t\t\t\t\tV\u00cdCE INFORMAC\u00cd<br \/>\n\t\t\t\t\t<\/a><br \/>\n\t\t\t\t<a href=\"http:\/\/strenuus.cz\/?page_id=480\" target=\"_self\" itemprop=\"url\" rel=\"noopener\"><br \/>\n\t\t\t\t<img decoding=\"async\" src=\"http:\/\/strenuus.cz\/wp-content\/uploads\/2021\/03\/web-150x150.png\" alt=\"web\" itemprop=\"image\"  \/><br \/>\n\t\t\t\t<\/a><\/p>\n<h6><a href=\"http:\/\/strenuus.cz\/?page_id=480\" target=\"_self\" rel=\"noopener\">Webov\u00e9 aplikace<\/a><\/h6>\n<p style=\"text-align: center;\">Z\u00e1kaznick\u00e9 webov\u00e9 port\u00e1ly<\/p>\n<p>\t<a href=\"http:\/\/strenuus.cz\/?page_id=480\" target=\"_self\" role=\"button\" rel=\"noopener\"><br \/>\n\t\t\t\t\t\tV\u00cdCE INFORMAC\u00cd<br \/>\n\t\t\t\t\t<\/a><\/p>\n","protected":false},"excerpt":{"rendered":"<p>Produkty Production Efficiency Guard Sledov\u00e1n\u00ed efektivity v\u00fdroby V\u00cdCE INFORMAC\u00cd Process Data Guard Sledov\u00e1n\u00ed kvality v\u00fdrobn\u00edch proces\u016f V\u00cdCE INFORMAC\u00cd Energy Guard Monitoring a vyhodnocov\u00e1n\u00ed odb\u011br\u016f m\u00e9di\u00ed V\u00cdCE INFORMAC\u00cd Webov\u00e9 aplikace Z\u00e1kaznick\u00e9 webov\u00e9 port\u00e1ly V\u00cdCE INFORMAC\u00cd<\/p>\n","protected":false},"author":1,"featured_media":0,"parent":0,"menu_order":0,"comment_status":"closed","ping_status":"closed","template":"","meta":{"footnotes":""},"class_list":["post-6","page","type-page","status-publish","hentry"],"_links":{"self":[{"href":"https:\/\/strenuus.cz\/index.php?rest_route=\/wp\/v2\/pages\/6","targetHints":{"allow":["GET"]}}],"collection":[{"href":"https:\/\/strenuus.cz\/index.php?rest_route=\/wp\/v2\/pages"}],"about":[{"href":"https:\/\/strenuus.cz\/index.php?rest_route=\/wp\/v2\/types\/page"}],"author":[{"embeddable":true,"href":"https:\/\/strenuus.cz\/index.php?rest_route=\/wp\/v2\/users\/1"}],"replies":[{"embeddable":true,"href":"https:\/\/strenuus.cz\/index.php?rest_route=%2Fwp%2Fv2%2Fcomments&post=6"}],"version-history":[{"count":7,"href":"https:\/\/strenuus.cz\/index.php?rest_route=\/wp\/v2\/pages\/6\/revisions"}],"predecessor-version":[{"id":489,"href":"https:\/\/strenuus.cz\/index.php?rest_route=\/wp\/v2\/pages\/6\/revisions\/489"}],"wp:attachment":[{"href":"https:\/\/strenuus.cz\/index.php?rest_route=%2Fwp%2Fv2%2Fmedia&parent=6"}],"curies":[{"name":"wp","href":"https:\/\/api.w.org\/{rel}","templated":true}]}}