{"id":54,"date":"2015-12-17T13:10:48","date_gmt":"2015-12-17T12:10:48","guid":{"rendered":"http:\/\/567270b330b0b.demo.wpbeaverbuilder.com\/?page_id=54"},"modified":"2021-03-12T12:25:21","modified_gmt":"2021-03-12T11:25:21","slug":"process-guard-2","status":"publish","type":"page","link":"https:\/\/strenuus.cz\/?page_id=54","title":{"rendered":"Process Data Guard"},"content":{"rendered":"<h1>\n\t\tProcess Data Guard<br \/>\n\t<\/h1>\n<p>&#8230;rodina produkt\u016f, kter\u00e9 slou\u017e\u00ed k\u00a0sledov\u00e1n\u00ed v\u00fdrobn\u00edch proces\u016f, p\u0159i\u010dem\u017e hlavn\u00ed d\u016fraz je na sb\u011br a anal\u00fdzu parametr\u016f, kter\u00e9 ur\u010duj\u00ed kvalitu v\u00fdrobk\u016f.<\/p>\n<p>\t\t\t\t<img decoding=\"async\" src=\"http:\/\/strenuus.cz\/wp-content\/uploads\/2021\/03\/pdg.png\" alt=\"pdg\" itemprop=\"image\"  \/><\/p>\n<h2>Kl\u00ed\u010dov\u00e9 vlastnosti<\/h2>\n<ul>\n<li>Mo\u017enost podrobn\u00e9ho m\u011b\u0159en\u00ed rychl\u00fdch d\u011bj\u016f d\u00edky pou\u017eit\u00ed specializovan\u00e9mu za\u0159\u00edzen\u00ed<\/li>\n<li>On-line anal\u00fdza m\u011b\u0159en\u00fdch dat<\/li>\n<li>Vyhodnocen\u00ed sledovan\u00fdch parametr\u016f dle nastaven\u00fdch krit\u00e9ri\u00ed<\/li>\n<li>Ur\u010den\u00ed kvality na z\u00e1klad\u011b sledovan\u00fdch parametr\u016f<\/li>\n<li>Signalizace vadn\u00fdch v\u00fdrobk\u016f obsluze<\/li>\n<li>Archivace m\u011b\u0159en\u00fdch dat i v\u00fdsledk\u016f anal\u00fdzy kvalitativn\u00edch parametr\u016f v\u00fdrobk\u016f<\/li>\n<li>SPC statistiky pro hodnocen\u00ed kvality v\u00fdrobn\u00edho procesu<\/li>\n<\/ul>\n<h2>Pro koho je ur\u010den<\/h2>\n<p>Process Data Guard je syst\u00e9mem pro V\u00e1s, pokud pot\u0159ebujete<\/p>\n<ul>\n<li>on-line vyhodnocov\u00e1n\u00ed parametr\u016f, kter\u00e9 maj\u00ed vliv na kvalitu v\u00fdroby<\/li>\n<li>sledovat pr\u016fb\u011bh rychl\u00fdch nebo velmi kr\u00e1tk\u00fdch d\u011bj\u016f<\/li>\n<li>m\u00edt p\u0159ehled o historii zpracov\u00e1n\u00ed v\u00fdrobk\u016f<\/li>\n<li>analyzovat kvalitu v\u00fdrobn\u00edho procesu<\/li>\n<\/ul>\n","protected":false},"excerpt":{"rendered":"<p>Process Data Guard &#8230;rodina produkt\u016f, kter\u00e9 slou\u017e\u00ed k\u00a0sledov\u00e1n\u00ed v\u00fdrobn\u00edch proces\u016f, p\u0159i\u010dem\u017e hlavn\u00ed d\u016fraz je na sb\u011br a anal\u00fdzu parametr\u016f, kter\u00e9 ur\u010duj\u00ed kvalitu v\u00fdrobk\u016f. Kl\u00ed\u010dov\u00e9 vlastnosti Mo\u017enost podrobn\u00e9ho m\u011b\u0159en\u00ed rychl\u00fdch d\u011bj\u016f d\u00edky pou\u017eit\u00ed specializovan\u00e9mu za\u0159\u00edzen\u00ed On-line anal\u00fdza m\u011b\u0159en\u00fdch dat Vyhodnocen\u00ed sledovan\u00fdch parametr\u016f dle nastaven\u00fdch krit\u00e9ri\u00ed Ur\u010den\u00ed kvality na z\u00e1klad\u011b sledovan\u00fdch parametr\u016f Signalizace vadn\u00fdch v\u00fdrobk\u016f obsluze Archivace&hellip;<\/p>\n","protected":false},"author":1,"featured_media":0,"parent":0,"menu_order":0,"comment_status":"closed","ping_status":"closed","template":"","meta":{"footnotes":""},"class_list":["post-54","page","type-page","status-publish","hentry"],"_links":{"self":[{"href":"https:\/\/strenuus.cz\/index.php?rest_route=\/wp\/v2\/pages\/54","targetHints":{"allow":["GET"]}}],"collection":[{"href":"https:\/\/strenuus.cz\/index.php?rest_route=\/wp\/v2\/pages"}],"about":[{"href":"https:\/\/strenuus.cz\/index.php?rest_route=\/wp\/v2\/types\/page"}],"author":[{"embeddable":true,"href":"https:\/\/strenuus.cz\/index.php?rest_route=\/wp\/v2\/users\/1"}],"replies":[{"embeddable":true,"href":"https:\/\/strenuus.cz\/index.php?rest_route=%2Fwp%2Fv2%2Fcomments&post=54"}],"version-history":[{"count":6,"href":"https:\/\/strenuus.cz\/index.php?rest_route=\/wp\/v2\/pages\/54\/revisions"}],"predecessor-version":[{"id":461,"href":"https:\/\/strenuus.cz\/index.php?rest_route=\/wp\/v2\/pages\/54\/revisions\/461"}],"wp:attachment":[{"href":"https:\/\/strenuus.cz\/index.php?rest_route=%2Fwp%2Fv2%2Fmedia&parent=54"}],"curies":[{"name":"wp","href":"https:\/\/api.w.org\/{rel}","templated":true}]}}