{"id":480,"date":"2021-03-12T13:51:58","date_gmt":"2021-03-12T12:51:58","guid":{"rendered":"http:\/\/strenuus.cz\/?page_id=480"},"modified":"2021-03-12T14:08:33","modified_gmt":"2021-03-12T13:08:33","slug":"web-app","status":"publish","type":"page","link":"https:\/\/strenuus.cz\/?page_id=480","title":{"rendered":"Webov\u00e9 aplikace"},"content":{"rendered":"<h1>\n\t\tWebov\u00e9 aplikace<br \/>\n\t<\/h1>\n<p>&#8230;tvo\u0159\u00edme webov\u00e9 port\u00e1ly pro r\u016fzn\u00e9 segmenty, pro vnit\u0159n\u00ed pou\u017eit\u00ed i p\u0159\u00edstupn\u00e9 pro vn\u011bj\u0161\u00ed u\u017eivatele.<\/p>\n<p>\t\t\t\t<img decoding=\"async\" src=\"http:\/\/strenuus.cz\/wp-content\/uploads\/2021\/03\/web.png\" alt=\"web\" itemprop=\"image\"  \/><\/p>\n<h2>Kl\u00ed\u010dov\u00e9 vlastnosti<\/h2>\n<ul>\n<li>Modern\u00ed webov\u00e1 aplikace funguj\u00edc\u00ed v r\u016fzn\u00fdch webov\u00fdch prohl\u00ed\u017ee\u010d\u00edch na po\u010d\u00edta\u010di i mobilu<\/li>\n<li>Adaptivn\u00ed n\u00e1vrh, kter\u00fd se p\u0159izp\u016fsob\u00ed aktu\u00e1ln\u00edmu zobrazen\u00ed<\/li>\n<li>Zabezpe\u010den\u00fd p\u0159\u00edstup k dat\u016fm na z\u00e1klad\u011b u\u017eivatelsk\u00fdch rol\u00ed<\/li>\n<li>\u0160irok\u00e9 mo\u017enosti nastaven\u00ed zobrazen\u00ed<\/li>\n<li>Mo\u017enost definic vlastn\u00edch \u0161ablon pro tiskov\u00e9 v\u00fdstupy<\/li>\n<\/ul>\n<h2>Pro koho jsou ur\u010deny<\/h2>\n<p>Vytvo\u0159\u00edme V\u00e1m aplikaci p\u0159esn\u011b podle va\u0161ich pot\u0159eb, kdy\u017e:<\/p>\n<ul>\n<li>pot\u0159ebujete m\u00edt k dat\u016fm bezpe\u010dn\u00fd p\u0159\u00edstup odkudkoli<\/li>\n<li>chcete, aby se do aplikace p\u0159ihla\u0161ovali z\u00e1kazn\u00edci i zam\u011bstnanci<\/li>\n<li>chcete, abychom V\u00e1m zabezpe\u010dili provozov\u00e1n\u00ed aplikaci na ve\u0159ejn\u011b p\u0159\u00edstupn\u00e9m virtu\u00e1ln\u00edm serveru<\/li>\n<\/ul>\n","protected":false},"excerpt":{"rendered":"<p>Webov\u00e9 aplikace &#8230;tvo\u0159\u00edme webov\u00e9 port\u00e1ly pro r\u016fzn\u00e9 segmenty, pro vnit\u0159n\u00ed pou\u017eit\u00ed i p\u0159\u00edstupn\u00e9 pro vn\u011bj\u0161\u00ed u\u017eivatele. Kl\u00ed\u010dov\u00e9 vlastnosti Modern\u00ed webov\u00e1 aplikace funguj\u00edc\u00ed v r\u016fzn\u00fdch webov\u00fdch prohl\u00ed\u017ee\u010d\u00edch na po\u010d\u00edta\u010di i mobilu Adaptivn\u00ed n\u00e1vrh, kter\u00fd se p\u0159izp\u016fsob\u00ed aktu\u00e1ln\u00edmu zobrazen\u00ed Zabezpe\u010den\u00fd p\u0159\u00edstup k dat\u016fm na z\u00e1klad\u011b u\u017eivatelsk\u00fdch rol\u00ed \u0160irok\u00e9 mo\u017enosti nastaven\u00ed zobrazen\u00ed Mo\u017enost definic vlastn\u00edch \u0161ablon pro tiskov\u00e9&hellip;<\/p>\n","protected":false},"author":1,"featured_media":0,"parent":0,"menu_order":0,"comment_status":"closed","ping_status":"closed","template":"","meta":{"footnotes":""},"class_list":["post-480","page","type-page","status-publish","hentry"],"_links":{"self":[{"href":"https:\/\/strenuus.cz\/index.php?rest_route=\/wp\/v2\/pages\/480","targetHints":{"allow":["GET"]}}],"collection":[{"href":"https:\/\/strenuus.cz\/index.php?rest_route=\/wp\/v2\/pages"}],"about":[{"href":"https:\/\/strenuus.cz\/index.php?rest_route=\/wp\/v2\/types\/page"}],"author":[{"embeddable":true,"href":"https:\/\/strenuus.cz\/index.php?rest_route=\/wp\/v2\/users\/1"}],"replies":[{"embeddable":true,"href":"https:\/\/strenuus.cz\/index.php?rest_route=%2Fwp%2Fv2%2Fcomments&post=480"}],"version-history":[{"count":4,"href":"https:\/\/strenuus.cz\/index.php?rest_route=\/wp\/v2\/pages\/480\/revisions"}],"predecessor-version":[{"id":492,"href":"https:\/\/strenuus.cz\/index.php?rest_route=\/wp\/v2\/pages\/480\/revisions\/492"}],"wp:attachment":[{"href":"https:\/\/strenuus.cz\/index.php?rest_route=%2Fwp%2Fv2%2Fmedia&parent=480"}],"curies":[{"name":"wp","href":"https:\/\/api.w.org\/{rel}","templated":true}]}}