{"id":464,"date":"2021-03-12T12:26:54","date_gmt":"2021-03-12T11:26:54","guid":{"rendered":"http:\/\/strenuus.cz\/?page_id=464"},"modified":"2021-03-12T12:54:44","modified_gmt":"2021-03-12T11:54:44","slug":"eg","status":"publish","type":"page","link":"https:\/\/strenuus.cz\/?page_id=464","title":{"rendered":"Energy Guard"},"content":{"rendered":"<h1>\n\t\tEnergy Guard<br \/>\n\t<\/h1>\n<p>&#8230;modern\u00ed webov\u00e1 aplikace, kter\u00e1 umo\u017e\u0148uje sb\u011br dat z m\u011b\u0159i\u010d\u016f odb\u011br\u016f m\u00e9di\u00ed, jejich prezentaci, zpracov\u00e1n\u00ed a\u017e po fakturaci.<\/p>\n<p>\t\t\t\t<img decoding=\"async\" src=\"http:\/\/strenuus.cz\/wp-content\/uploads\/2021\/03\/eg-150x150.png\" alt=\"eg\" itemprop=\"image\"  \/><\/p>\n<h2>Kl\u00ed\u010dov\u00e9 vlastnosti<\/h2>\n<ul>\n<li>Komunikace s m\u011b\u0159idly r\u016fzn\u00fdch m\u00e9di\u00ed (elektrom\u011bry, vodom\u011bry, p\u0159epo\u010d\u00edtava\u010de tepla, plynom\u011bry, &#8230;)<\/li>\n<li>On-line p\u0159ehled o prob\u00edhaj\u00edc\u00ed komunikaci (stavy m\u011b\u0159idel, diagnostick\u00e9 \u00fadaj\u00e9, stav komunikace)<\/li>\n<li>Historick\u00e9 p\u0159ehledy nam\u011b\u0159en\u00fdch dat<\/li>\n<li>Zpracov\u00e1n\u00ed faktura\u010dn\u00edch \u00fadaj\u016f<\/li>\n<li>U\u017eivatelsk\u00e9 konfigurace odb\u011brn\u00fdch a m\u011b\u0159ic\u00edch m\u00edst, cen\u00edk\u016f, m\u011b\u0159idel, &#8230;<\/li>\n<\/ul>\n<h2>Pro koho je ur\u010den<\/h2>\n<p>Energy Guard je syst\u00e9mem pro V\u00e1s, pokud pot\u0159ebujete<\/p>\n<ul>\n<li>monitorovat odb\u011br\/dod\u00e1vku m\u00e9di\u00ed<\/li>\n<li>m\u00edt p\u0159\u00edstup k historick\u00fdm dat\u016fm o m\u011b\u0159en\u00fdch veli\u010din\u00e1ch<\/li>\n<li>analyzovat a vyhodnocovat technick\u00e9 parametry m\u011b\u0159en\u00ed<\/li>\n<li>vytv\u00e1\u0159et podklady pro fakturaci<\/li>\n<\/ul>\n","protected":false},"excerpt":{"rendered":"<p>Energy Guard &#8230;modern\u00ed webov\u00e1 aplikace, kter\u00e1 umo\u017e\u0148uje sb\u011br dat z m\u011b\u0159i\u010d\u016f odb\u011br\u016f m\u00e9di\u00ed, jejich prezentaci, zpracov\u00e1n\u00ed a\u017e po fakturaci. Kl\u00ed\u010dov\u00e9 vlastnosti Komunikace s m\u011b\u0159idly r\u016fzn\u00fdch m\u00e9di\u00ed (elektrom\u011bry, vodom\u011bry, p\u0159epo\u010d\u00edtava\u010de tepla, plynom\u011bry, &#8230;) On-line p\u0159ehled o prob\u00edhaj\u00edc\u00ed komunikaci (stavy m\u011b\u0159idel, diagnostick\u00e9 \u00fadaj\u00e9, stav komunikace) Historick\u00e9 p\u0159ehledy nam\u011b\u0159en\u00fdch dat Zpracov\u00e1n\u00ed faktura\u010dn\u00edch \u00fadaj\u016f U\u017eivatelsk\u00e9 konfigurace odb\u011brn\u00fdch a m\u011b\u0159ic\u00edch&hellip;<\/p>\n","protected":false},"author":1,"featured_media":0,"parent":0,"menu_order":0,"comment_status":"closed","ping_status":"closed","template":"","meta":{"footnotes":""},"class_list":["post-464","page","type-page","status-publish","hentry"],"_links":{"self":[{"href":"https:\/\/strenuus.cz\/index.php?rest_route=\/wp\/v2\/pages\/464","targetHints":{"allow":["GET"]}}],"collection":[{"href":"https:\/\/strenuus.cz\/index.php?rest_route=\/wp\/v2\/pages"}],"about":[{"href":"https:\/\/strenuus.cz\/index.php?rest_route=\/wp\/v2\/types\/page"}],"author":[{"embeddable":true,"href":"https:\/\/strenuus.cz\/index.php?rest_route=\/wp\/v2\/users\/1"}],"replies":[{"embeddable":true,"href":"https:\/\/strenuus.cz\/index.php?rest_route=%2Fwp%2Fv2%2Fcomments&post=464"}],"version-history":[{"count":3,"href":"https:\/\/strenuus.cz\/index.php?rest_route=\/wp\/v2\/pages\/464\/revisions"}],"predecessor-version":[{"id":471,"href":"https:\/\/strenuus.cz\/index.php?rest_route=\/wp\/v2\/pages\/464\/revisions\/471"}],"wp:attachment":[{"href":"https:\/\/strenuus.cz\/index.php?rest_route=%2Fwp%2Fv2%2Fmedia&parent=464"}],"curies":[{"name":"wp","href":"https:\/\/api.w.org\/{rel}","templated":true}]}}