{"id":46,"date":"2015-12-17T13:04:32","date_gmt":"2015-12-17T12:04:32","guid":{"rendered":"http:\/\/567270b330b0b.demo.wpbeaverbuilder.com\/?page_id=46"},"modified":"2021-03-12T14:09:24","modified_gmt":"2021-03-12T13:09:24","slug":"production-efficiency-guard","status":"publish","type":"page","link":"https:\/\/strenuus.cz\/?page_id=46","title":{"rendered":"Production Efficiency Guard"},"content":{"rendered":"<h1>\n\t\tProduction<\/p>\n<p>Efficiency Guard<br \/>\n\t<\/h1>\n<p>&#8230;syst\u00e9m, kter\u00fd umo\u017e\u0148uje sledovat v\u00fdrobn\u00ed zak\u00e1zky od pl\u00e1nu, p\u0159es realizaci jednotliv\u00fdch operac\u00ed a\u017e po dokon\u010den\u00ed.<\/p>\n<p>\t\t\t\t<img decoding=\"async\" src=\"http:\/\/strenuus.cz\/wp-content\/uploads\/2015\/12\/peg.png\" alt=\"peg\" itemprop=\"image\"  \/><\/p>\n<h2>Kl\u00ed\u010dov\u00e9 vlastnosti<\/h2>\n<ul>\n<li>P\u0159\u00edjem pl\u00e1nu v\u00fdroby ze SAPu<\/li>\n<li>Zah\u00e1jen\u00ed a ukon\u010den\u00ed operac\u00ed oper\u00e1torem s\u00a0ov\u011b\u0159en\u00edm osobn\u00ed RFID kartou<\/li>\n<li>P\u0159ehled o aktu\u00e1ln\u00edm stavu v\u00fdroby<\/li>\n<li>Evidence a sledov\u00e1n\u00ed pou\u017eit\u00ed d\u016fle\u017eit\u00fdch v\u00fdrobn\u00edch n\u00e1stroj\u016f<\/li>\n<li>\u0158\u00edzen\u00ed \u00fadr\u017eby zdroj\u016f<\/li>\n<li>Sledov\u00e1n\u00ed a kategorizace prostoj\u016f<\/li>\n<li>Sledov\u00e1n\u00ed obsluhy zdroj\u016f<\/li>\n<li>Analytick\u00e9 n\u00e1stroje pro hodnocen\u00ed efektivity v\u00fdroby (OEE)<\/li>\n<li>Hodnocen\u00ed vyu\u017eit\u00ed zdroj\u016f<\/li>\n<li>Hodnocen\u00ed prostoj\u016f a obsluhy<\/li>\n<li>P\u0159ehled o anal\u00fdz\u00e1ch kvality v\u00fdrobk\u016f<\/li>\n<\/ul>\n<h2>Pro koho je ur\u010den<\/h2>\n<p>Production Efficiency Guard je syst\u00e9mem pro V\u00e1s, pokud pot\u0159ebujete<\/p>\n<ul>\n<li>m\u00edt p\u0159ehled o skute\u010dn\u00e9m stavu realizace zak\u00e1zek<\/li>\n<li>hodnotit efektivitu v\u00fdroby<\/li>\n<li>hledat \u00fazk\u00e1 m\u00edsta ve v\u00fdrob\u011b<\/li>\n<li>hl\u00eddat rozpracovanou v\u00fdrobu<\/li>\n<li>m\u00edt p\u0159ehled o \u010dinnosti obsluhy zdroj\u016f<\/li>\n<li>hledat \u0159e\u0161en\u00ed pro optimalizaci v\u00fdrobn\u00edho procesu<\/li>\n<\/ul>\n","protected":false},"excerpt":{"rendered":"<p>Production Efficiency Guard &#8230;syst\u00e9m, kter\u00fd umo\u017e\u0148uje sledovat v\u00fdrobn\u00ed zak\u00e1zky od pl\u00e1nu, p\u0159es realizaci jednotliv\u00fdch operac\u00ed a\u017e po dokon\u010den\u00ed. Kl\u00ed\u010dov\u00e9 vlastnosti P\u0159\u00edjem pl\u00e1nu v\u00fdroby ze SAPu Zah\u00e1jen\u00ed a ukon\u010den\u00ed operac\u00ed oper\u00e1torem s\u00a0ov\u011b\u0159en\u00edm osobn\u00ed RFID kartou P\u0159ehled o aktu\u00e1ln\u00edm stavu v\u00fdroby Evidence a sledov\u00e1n\u00ed pou\u017eit\u00ed d\u016fle\u017eit\u00fdch v\u00fdrobn\u00edch n\u00e1stroj\u016f \u0158\u00edzen\u00ed \u00fadr\u017eby zdroj\u016f Sledov\u00e1n\u00ed a kategorizace prostoj\u016f Sledov\u00e1n\u00ed obsluhy&hellip;<\/p>\n","protected":false},"author":1,"featured_media":0,"parent":0,"menu_order":0,"comment_status":"closed","ping_status":"closed","template":"","meta":{"footnotes":""},"class_list":["post-46","page","type-page","status-publish","hentry"],"_links":{"self":[{"href":"https:\/\/strenuus.cz\/index.php?rest_route=\/wp\/v2\/pages\/46","targetHints":{"allow":["GET"]}}],"collection":[{"href":"https:\/\/strenuus.cz\/index.php?rest_route=\/wp\/v2\/pages"}],"about":[{"href":"https:\/\/strenuus.cz\/index.php?rest_route=\/wp\/v2\/types\/page"}],"author":[{"embeddable":true,"href":"https:\/\/strenuus.cz\/index.php?rest_route=\/wp\/v2\/users\/1"}],"replies":[{"embeddable":true,"href":"https:\/\/strenuus.cz\/index.php?rest_route=%2Fwp%2Fv2%2Fcomments&post=46"}],"version-history":[{"count":5,"href":"https:\/\/strenuus.cz\/index.php?rest_route=\/wp\/v2\/pages\/46\/revisions"}],"predecessor-version":[{"id":493,"href":"https:\/\/strenuus.cz\/index.php?rest_route=\/wp\/v2\/pages\/46\/revisions\/493"}],"wp:attachment":[{"href":"https:\/\/strenuus.cz\/index.php?rest_route=%2Fwp%2Fv2%2Fmedia&parent=46"}],"curies":[{"name":"wp","href":"https:\/\/api.w.org\/{rel}","templated":true}]}}