{"id":37,"date":"2015-12-17T12:34:53","date_gmt":"2015-12-17T11:34:53","guid":{"rendered":"http:\/\/567270b330b0b.demo.wpbeaverbuilder.com\/?page_id=37"},"modified":"2018-07-03T10:31:34","modified_gmt":"2018-07-03T09:31:34","slug":"kontakty","status":"publish","type":"page","link":"https:\/\/strenuus.cz\/?page_id=37","title":{"rendered":"Kontakty"},"content":{"rendered":"<h1>\n\t\tKontakty<br \/>\n\t<\/h1>\n<h3 style=\"text-align: left;\">Zde n\u00e1s najdete<\/h3>\n<p>\t<iframe loading=\"lazy\" src=\"https:\/\/maps.google.com\/maps?q=strenuus+technology%2C+frydecka+201&#038;iwloc=near&#038;output=embed\" width=\"100%\" height=\"450px\" frameborder=\"0\" style=\"border:0\"><\/iframe><\/p>\n<h3>Strenuus Technology, s.r.o.<\/h3>\n<p>Fr\u00fddeck\u00e1 201<br \/>\n739 61 T\u0159inec<\/p>\n<p>I\u010c: 03450791<br \/>\nDI\u010c: CZ03450791<\/p>\n<p>Spole\u010dnost je zaps\u00e1na v Obchodn\u00edm rejst\u0159\u00edku u Krajsk\u00e9ho soudu v Ostrav\u011b, odd\u00edl C, vlo\u017eka 60112<\/p>\n<h3 style=\"text-align: left;\">Kontaktujte n\u00e1s<\/h3>\n","protected":false},"excerpt":{"rendered":"<p>Kontakty Zde n\u00e1s najdete Strenuus Technology, s.r.o. Fr\u00fddeck\u00e1 201 739 61 T\u0159inec I\u010c: 03450791 DI\u010c: CZ03450791 Spole\u010dnost je zaps\u00e1na v Obchodn\u00edm rejst\u0159\u00edku u Krajsk\u00e9ho soudu v Ostrav\u011b, odd\u00edl C, vlo\u017eka 60112 Kontaktujte n\u00e1s<\/p>\n","protected":false},"author":1,"featured_media":0,"parent":0,"menu_order":0,"comment_status":"closed","ping_status":"closed","template":"","meta":{"footnotes":""},"class_list":["post-37","page","type-page","status-publish","hentry"],"_links":{"self":[{"href":"https:\/\/strenuus.cz\/index.php?rest_route=\/wp\/v2\/pages\/37","targetHints":{"allow":["GET"]}}],"collection":[{"href":"https:\/\/strenuus.cz\/index.php?rest_route=\/wp\/v2\/pages"}],"about":[{"href":"https:\/\/strenuus.cz\/index.php?rest_route=\/wp\/v2\/types\/page"}],"author":[{"embeddable":true,"href":"https:\/\/strenuus.cz\/index.php?rest_route=\/wp\/v2\/users\/1"}],"replies":[{"embeddable":true,"href":"https:\/\/strenuus.cz\/index.php?rest_route=%2Fwp%2Fv2%2Fcomments&post=37"}],"version-history":[{"count":2,"href":"https:\/\/strenuus.cz\/index.php?rest_route=\/wp\/v2\/pages\/37\/revisions"}],"predecessor-version":[{"id":395,"href":"https:\/\/strenuus.cz\/index.php?rest_route=\/wp\/v2\/pages\/37\/revisions\/395"}],"wp:attachment":[{"href":"https:\/\/strenuus.cz\/index.php?rest_route=%2Fwp%2Fv2%2Fmedia&parent=37"}],"curies":[{"name":"wp","href":"https:\/\/api.w.org\/{rel}","templated":true}]}}