{"id":139,"date":"2015-12-18T11:51:48","date_gmt":"2015-12-18T10:51:48","guid":{"rendered":"http:\/\/strenuus.cz\/?page_id=139"},"modified":"2018-07-03T10:32:13","modified_gmt":"2018-07-03T09:32:13","slug":"kontakty-3","status":"publish","type":"page","link":"https:\/\/strenuus.cz\/?page_id=139","title":{"rendered":"Kontakt"},"content":{"rendered":"<h1>\n\t\tKontakt<br \/>\n\t<\/h1>\n<h3>Tu nas znajdziesz<\/h3>\n<p>\t<iframe loading=\"lazy\" src=\"https:\/\/maps.google.com\/maps?q=strenuus+technology%2C+frydecka+201&#038;iwloc=near&#038;output=embed\" width=\"100%\" height=\"430px\" frameborder=\"0\" style=\"border:0\"><\/iframe><\/p>\n<h3>Strenuus Technology, s.r.o.<\/h3>\n<p>Fr\u00fddeck\u00e1 201<br \/>\n739 61 T\u0159inec<br \/>\nCzechy<\/p>\n<p>I\u010c: 03450791<br \/>\nDI\u010c: CZ03450791<\/p>\n<h3>Napisz do nas<\/h3>\n","protected":false},"excerpt":{"rendered":"<p>Kontakt Tu nas znajdziesz Strenuus Technology, s.r.o. Fr\u00fddeck\u00e1 201 739 61 T\u0159inec Czechy I\u010c: 03450791 DI\u010c: CZ03450791 Napisz do nas<\/p>\n","protected":false},"author":1,"featured_media":0,"parent":0,"menu_order":0,"comment_status":"closed","ping_status":"closed","template":"","meta":{"footnotes":""},"class_list":["post-139","page","type-page","status-publish","hentry"],"_links":{"self":[{"href":"https:\/\/strenuus.cz\/index.php?rest_route=\/wp\/v2\/pages\/139","targetHints":{"allow":["GET"]}}],"collection":[{"href":"https:\/\/strenuus.cz\/index.php?rest_route=\/wp\/v2\/pages"}],"about":[{"href":"https:\/\/strenuus.cz\/index.php?rest_route=\/wp\/v2\/types\/page"}],"author":[{"embeddable":true,"href":"https:\/\/strenuus.cz\/index.php?rest_route=\/wp\/v2\/users\/1"}],"replies":[{"embeddable":true,"href":"https:\/\/strenuus.cz\/index.php?rest_route=%2Fwp%2Fv2%2Fcomments&post=139"}],"version-history":[{"count":4,"href":"https:\/\/strenuus.cz\/index.php?rest_route=\/wp\/v2\/pages\/139\/revisions"}],"predecessor-version":[{"id":394,"href":"https:\/\/strenuus.cz\/index.php?rest_route=\/wp\/v2\/pages\/139\/revisions\/394"}],"wp:attachment":[{"href":"https:\/\/strenuus.cz\/index.php?rest_route=%2Fwp%2Fv2%2Fmedia&parent=139"}],"curies":[{"name":"wp","href":"https:\/\/api.w.org\/{rel}","templated":true}]}}