{"id":130,"date":"2015-12-18T11:37:01","date_gmt":"2015-12-18T10:37:01","guid":{"rendered":"http:\/\/strenuus.cz\/?page_id=130"},"modified":"2021-03-12T15:02:33","modified_gmt":"2021-03-12T14:02:33","slug":"main-3","status":"publish","type":"page","link":"https:\/\/strenuus.cz\/?page_id=130","title":{"rendered":"Strona domowa"},"content":{"rendered":"<h1>\n\t\tWitamy na stronie sp\u00f3\u0142ki<br \/>Strenuus Technology, s.r.o.<br \/>\n\t<\/h1>\n<h3><a href=\"http:\/\/strenuus.cz\/?page_id=133\" target=\"_self\" rel=\"noopener\">Us\u0142ugi<\/a><\/h3>\n<p><em>Co oferujemy i potrafimy&#8230;<\/em><br \/>\n\t<a href=\"http:\/\/strenuus.cz\/?page_id=133\" target=\"_self\" role=\"button\" rel=\"noopener\"><br \/>\n\t\t\t\t\t\tWI\u0118CEJ INFORMACJI<br \/>\n\t\t\t\t\t<\/a><\/p>\n<h3><a href=\"http:\/\/strenuus.cz\/?page_id=136\" target=\"_self\" rel=\"noopener\">Produkty<\/a><\/h3>\n<p><em>Co stworzyli\u015bmy&#8230;<\/em><br \/>\n\t<a href=\"http:\/\/strenuus.cz\/?page_id=136\" target=\"_self\" role=\"button\" rel=\"noopener\"><br \/>\n\t\t\t\t\t\tWI\u0118CEJ INFORMACJI<br \/>\n\t\t\t\t\t<\/a><\/p>\n<h3><a href=\"http:\/\/strenuus.cz\/?page_id=139\" target=\"_self\" rel=\"noopener\">Kontakt<\/a><\/h3>\n<p><em>Gdzie mo\u017cna nas znale\u017a\u0107&#8230;<\/em><br \/>\n\t<a href=\"http:\/\/strenuus.cz\/?page_id=139\" target=\"_self\" role=\"button\" rel=\"noopener\"><br \/>\n\t\t\t\t\t\tWI\u0118CEJ INFORMACJI<br \/>\n\t\t\t\t\t<\/a><\/p>\n","protected":false},"excerpt":{"rendered":"<p>Witamy na stronie sp\u00f3\u0142kiStrenuus Technology, s.r.o. Us\u0142ugi Co oferujemy i potrafimy&#8230; WI\u0118CEJ INFORMACJI Produkty Co stworzyli\u015bmy&#8230; WI\u0118CEJ INFORMACJI Kontakt Gdzie mo\u017cna nas znale\u017a\u0107&#8230; WI\u0118CEJ INFORMACJI<\/p>\n","protected":false},"author":1,"featured_media":0,"parent":0,"menu_order":0,"comment_status":"closed","ping_status":"closed","template":"","meta":{"footnotes":""},"class_list":["post-130","page","type-page","status-publish","hentry"],"_links":{"self":[{"href":"https:\/\/strenuus.cz\/index.php?rest_route=\/wp\/v2\/pages\/130","targetHints":{"allow":["GET"]}}],"collection":[{"href":"https:\/\/strenuus.cz\/index.php?rest_route=\/wp\/v2\/pages"}],"about":[{"href":"https:\/\/strenuus.cz\/index.php?rest_route=\/wp\/v2\/types\/page"}],"author":[{"embeddable":true,"href":"https:\/\/strenuus.cz\/index.php?rest_route=\/wp\/v2\/users\/1"}],"replies":[{"embeddable":true,"href":"https:\/\/strenuus.cz\/index.php?rest_route=%2Fwp%2Fv2%2Fcomments&post=130"}],"version-history":[{"count":15,"href":"https:\/\/strenuus.cz\/index.php?rest_route=\/wp\/v2\/pages\/130\/revisions"}],"predecessor-version":[{"id":508,"href":"https:\/\/strenuus.cz\/index.php?rest_route=\/wp\/v2\/pages\/130\/revisions\/508"}],"wp:attachment":[{"href":"https:\/\/strenuus.cz\/index.php?rest_route=%2Fwp%2Fv2%2Fmedia&parent=130"}],"curies":[{"name":"wp","href":"https:\/\/api.w.org\/{rel}","templated":true}]}}