{"id":105,"date":"2015-12-18T09:53:46","date_gmt":"2015-12-18T08:53:46","guid":{"rendered":"http:\/\/strenuus.cz\/?page_id=105"},"modified":"2018-07-03T10:31:45","modified_gmt":"2018-07-03T09:31:45","slug":"kontakty-2","status":"publish","type":"page","link":"https:\/\/strenuus.cz\/?page_id=105","title":{"rendered":"Contacts"},"content":{"rendered":"<h1>\n\t\tContacts<br \/>\n\t<\/h1>\n<h3>You will find us here<\/h3>\n<p>\t<iframe loading=\"lazy\" src=\"https:\/\/maps.google.com\/maps?q=strenuus+technology%2C+frydecka+201&#038;iwloc=near&#038;output=embed\" width=\"100%\" height=\"420px\" frameborder=\"0\" style=\"border:0\"><\/iframe><\/p>\n<h3>Strenuus Technology, s.r.o.<\/h3>\n<p>Fr\u00fddeck\u00e1 201<br \/> 739 61 T\u0159inec<br \/> Czech Republic<\/p>\n<p>I\u010c: 03450791<br \/> DI\u010c: CZ03450791<\/p>\n<h3>Contact Us<\/h3>\n","protected":false},"excerpt":{"rendered":"<p>Contacts You will find us here Strenuus Technology, s.r.o. Fr\u00fddeck\u00e1 201 739 61 T\u0159inec Czech Republic I\u010c: 03450791 DI\u010c: CZ03450791 Contact Us<\/p>\n","protected":false},"author":1,"featured_media":0,"parent":0,"menu_order":0,"comment_status":"closed","ping_status":"closed","template":"","meta":{"footnotes":""},"class_list":["post-105","page","type-page","status-publish","hentry"],"_links":{"self":[{"href":"https:\/\/strenuus.cz\/index.php?rest_route=\/wp\/v2\/pages\/105","targetHints":{"allow":["GET"]}}],"collection":[{"href":"https:\/\/strenuus.cz\/index.php?rest_route=\/wp\/v2\/pages"}],"about":[{"href":"https:\/\/strenuus.cz\/index.php?rest_route=\/wp\/v2\/types\/page"}],"author":[{"embeddable":true,"href":"https:\/\/strenuus.cz\/index.php?rest_route=\/wp\/v2\/users\/1"}],"replies":[{"embeddable":true,"href":"https:\/\/strenuus.cz\/index.php?rest_route=%2Fwp%2Fv2%2Fcomments&post=105"}],"version-history":[{"count":3,"href":"https:\/\/strenuus.cz\/index.php?rest_route=\/wp\/v2\/pages\/105\/revisions"}],"predecessor-version":[{"id":396,"href":"https:\/\/strenuus.cz\/index.php?rest_route=\/wp\/v2\/pages\/105\/revisions\/396"}],"wp:attachment":[{"href":"https:\/\/strenuus.cz\/index.php?rest_route=%2Fwp%2Fv2%2Fmedia&parent=105"}],"curies":[{"name":"wp","href":"https:\/\/api.w.org\/{rel}","templated":true}]}}