{"id":10,"date":"2015-12-17T08:22:16","date_gmt":"2015-12-17T08:22:16","guid":{"rendered":"http:\/\/567270b330b0b.demo.wpbeaverbuilder.com\/demo\/"},"modified":"2022-03-01T13:47:23","modified_gmt":"2022-03-01T12:47:23","slug":"main","status":"publish","type":"page","link":"https:\/\/strenuus.cz\/","title":{"rendered":"\u00davod"},"content":{"rendered":"<h1>\n\t\tV\u00edtejte na str\u00e1nk\u00e1ch spole\u010dnosti<br \/>Strenuus Technology, s.r.o.<br \/>\n\t<\/h1>\n<h3><a href=\"http:\/\/strenuus.cz\/?page_id=9\" target=\"_self\" rel=\"noopener\">Slu\u017eby<\/a><\/h3>\n<p>&nbsp;<br \/>\n<em>Co nab\u00edz\u00edme a um\u00edme&#8230;<\/em><br \/>\n&nbsp;<br \/>\n\t<a href=\"http:\/\/strenuus.cz\/?page_id=9\" target=\"_self\" role=\"button\" rel=\"noopener\"><br \/>\n\t\t\t\t\t\tV\u00cdCE INFORMAC\u00cd<br \/>\n\t\t\t\t\t<\/a><\/p>\n<h3><a href=\"http:\/\/strenuus.cz\/?page_id=6\" target=\"_self\" rel=\"noopener\">Produkty<\/a><\/h3>\n<p>&nbsp;<br \/>\n<em>Co jsme vytvo\u0159ili&#8230;<\/em><br \/>\n&nbsp;<br \/>\n\t<a href=\"http:\/\/strenuus.cz\/?page_id=6\" target=\"_self\" role=\"button\" rel=\"noopener\"><br \/>\n\t\t\t\t\t\tV\u00cdCE INFORMAC\u00cd<br \/>\n\t\t\t\t\t<\/a><\/p>\n<h3><a href=\"http:\/\/strenuus.cz\/?page_id=37\" target=\"_self\" rel=\"noopener\">Kontakty<\/a><\/h3>\n<p>&nbsp;<br \/>\n<em>Kde n\u00e1s najdete&#8230;<\/em><br \/>\n&nbsp;<br \/>\n\t<a href=\"http:\/\/strenuus.cz\/?page_id=37\" target=\"_self\" role=\"button\" rel=\"noopener\"><br \/>\n\t\t\t\t\t\tV\u00cdCE INFORMAC\u00cd<br \/>\n\t\t\t\t\t<\/a><\/p>\n","protected":false},"excerpt":{"rendered":"<p>V\u00edtejte na str\u00e1nk\u00e1ch spole\u010dnostiStrenuus Technology, s.r.o. Slu\u017eby &nbsp; Co nab\u00edz\u00edme a um\u00edme&#8230; &nbsp; V\u00cdCE INFORMAC\u00cd Produkty &nbsp; Co jsme vytvo\u0159ili&#8230; &nbsp; V\u00cdCE INFORMAC\u00cd Kontakty &nbsp; Kde n\u00e1s najdete&#8230; &nbsp; V\u00cdCE INFORMAC\u00cd<\/p>\n","protected":false},"author":1,"featured_media":0,"parent":0,"menu_order":0,"comment_status":"closed","ping_status":"closed","template":"","meta":{"footnotes":""},"class_list":["post-10","page","type-page","status-publish","hentry"],"_links":{"self":[{"href":"https:\/\/strenuus.cz\/index.php?rest_route=\/wp\/v2\/pages\/10","targetHints":{"allow":["GET"]}}],"collection":[{"href":"https:\/\/strenuus.cz\/index.php?rest_route=\/wp\/v2\/pages"}],"about":[{"href":"https:\/\/strenuus.cz\/index.php?rest_route=\/wp\/v2\/types\/page"}],"author":[{"embeddable":true,"href":"https:\/\/strenuus.cz\/index.php?rest_route=\/wp\/v2\/users\/1"}],"replies":[{"embeddable":true,"href":"https:\/\/strenuus.cz\/index.php?rest_route=%2Fwp%2Fv2%2Fcomments&post=10"}],"version-history":[{"count":26,"href":"https:\/\/strenuus.cz\/index.php?rest_route=\/wp\/v2\/pages\/10\/revisions"}],"predecessor-version":[{"id":494,"href":"https:\/\/strenuus.cz\/index.php?rest_route=\/wp\/v2\/pages\/10\/revisions\/494"}],"wp:attachment":[{"href":"https:\/\/strenuus.cz\/index.php?rest_route=%2Fwp%2Fv2%2Fmedia&parent=10"}],"curies":[{"name":"wp","href":"https:\/\/api.w.org\/{rel}","templated":true}]}}